{"id":365,"date":"2025-05-08T11:03:56","date_gmt":"2025-05-08T11:03:56","guid":{"rendered":"https:\/\/michalina.lightbulb.pl\/?page_id=365"},"modified":"2025-05-23T14:12:10","modified_gmt":"2025-05-23T14:12:10","slug":"podroze","status":"publish","type":"page","link":"https:\/\/bezglutenowamichalina.pl\/index.php\/podroze\/","title":{"rendered":"Podr\u00f3\u017ce"},"content":{"rendered":"\t\t<div data-elementor-type=\"wp-page\" data-elementor-id=\"365\" class=\"elementor elementor-365\" data-elementor-settings=\"{&quot;ha_cmc_init_switcher&quot;:&quot;no&quot;}\">\n\t\t\t\t<div class=\"elementor-element elementor-element-c19485d e-con-full elementor-hidden-mobile e-flex e-con e-parent\" data-id=\"c19485d\" data-element_type=\"container\" data-settings=\"{&quot;background_background&quot;:&quot;classic&quot;,&quot;_ha_eqh_enable&quot;:false}\">\n\t\t\t\t<\/div>\n\t\t<div class=\"elementor-element elementor-element-4ffae0f e-con-full elementor-hidden-desktop elementor-hidden-tablet e-flex e-con e-parent\" data-id=\"4ffae0f\" data-element_type=\"container\" data-settings=\"{&quot;_ha_eqh_enable&quot;:false}\">\n\t\t\t\t<\/div>\n\t\t<div class=\"elementor-element elementor-element-3b8da56 e-flex e-con-boxed e-con e-parent\" data-id=\"3b8da56\" data-element_type=\"container\" data-settings=\"{&quot;background_background&quot;:&quot;classic&quot;,&quot;_ha_eqh_enable&quot;:false}\">\n\t\t\t\t\t<div class=\"e-con-inner\">\n\t\t\t\t<div class=\"elementor-element elementor-element-0d9ed1b jltma-glass-effect-no elementor-widget elementor-widget-heading\" data-id=\"0d9ed1b\" data-element_type=\"widget\" data-widget_type=\"heading.default\">\n\t\t\t\t<div class=\"elementor-widget-container\">\n\t\t\t\t\t<h2 class=\"elementor-heading-title elementor-size-default\">Odkrywaj \u015bwiat moimi oczami<\/h2>\t\t\t\t<\/div>\n\t\t\t\t<\/div>\n\t\t\t\t<div class=\"elementor-element elementor-element-9491c61 elementor-widget-divider--view-line jltma-glass-effect-no elementor-widget elementor-widget-divider\" data-id=\"9491c61\" data-element_type=\"widget\" data-widget_type=\"divider.default\">\n\t\t\t\t<div class=\"elementor-widget-container\">\n\t\t\t\t\t\t\t<div class=\"elementor-divider\">\n\t\t\t<span class=\"elementor-divider-separator\">\n\t\t\t\t\t\t<\/span>\n\t\t<\/div>\n\t\t\t\t\t\t<\/div>\n\t\t\t\t<\/div>\n\t\t\t\t<div class=\"elementor-element elementor-element-dfec4e1 elementor-widget__width-initial jltma-glass-effect-no elementor-widget elementor-widget-text-editor\" data-id=\"dfec4e1\" data-element_type=\"widget\" data-widget_type=\"text-editor.default\">\n\t\t\t\t<div class=\"elementor-widget-container\">\n\t\t\t\t\t\t\t\t\t<p>Zainspiruj si\u0119 prawdziwymi przygodami, odkrywaj nieznane zak\u0105tki \u015bwiata i przekonaj si\u0119, \u017ce podr\u00f3\u017ce s\u0105 bli\u017cej, ni\u017c my\u015blisz \u2013 kliknij i ruszaj ze mn\u0105 w drog\u0119!<\/p>\t\t\t\t\t\t\t\t<\/div>\n\t\t\t\t<\/div>\n\t\t\t\t<div class=\"elementor-element elementor-element-9fee98f jltma-glass-effect-no elementor-widget elementor-widget-post_layouts\" data-id=\"9fee98f\" data-element_type=\"widget\" data-widget_type=\"post_layouts.default\">\n\t\t\t\t<div class=\"elementor-widget-container\">\n\t\t\t\t\t<div class=\"row masonaryactive \"><div class=\"blog-grid-layout col-md-6 col-lg-4\"><div class=\"theimran-post-layout-one\"><div class=\"theimran-post-layout-one__thumbnail\">\t\t\t<a href=\"https:\/\/bezglutenowamichalina.pl\/index.php\/2025\/04\/09\/rzym\/\"><img fetchpriority=\"high\" decoding=\"async\" width=\"768\" height=\"1024\" src=\"https:\/\/bezglutenowamichalina.pl\/wp-content\/uploads\/2025\/04\/Unknown-5-3.jpg\" class=\"attachment-medium_large size-medium_large wp-post-image\" alt=\"\" srcset=\"https:\/\/bezglutenowamichalina.pl\/wp-content\/uploads\/2025\/04\/Unknown-5-3.jpg 768w, https:\/\/bezglutenowamichalina.pl\/wp-content\/uploads\/2025\/04\/Unknown-5-3-225x300.jpg 225w, https:\/\/bezglutenowamichalina.pl\/wp-content\/uploads\/2025\/04\/Unknown-5-3-600x800.jpg 600w, https:\/\/bezglutenowamichalina.pl\/wp-content\/uploads\/2025\/04\/Unknown-5-3-487x649.jpg 487w\" sizes=\"(max-width: 768px) 100vw, 768px\" \/><\/a>\r\n\t\t\t\t\t\t<div class=\"theimran-post-layout-one__categories\">\r\n\t\t\t\t<span class=\"cat-links\"><a href=\"https:\/\/bezglutenowamichalina.pl\/index.php\/category\/podroze\/\" rel=\"category tag\">Podr\u00f3\u017ce<\/a><\/span>\t\t\t<\/div>\r\n\t\t\t<\/div><div class=\"theimran-post-layout-one__content-wrapper\">\t\t\t<div class=\"theimran-post-layout-one__title\">\r\n\t\t\t\t<h3><a href=\"https:\/\/bezglutenowamichalina.pl\/index.php\/2025\/04\/09\/rzym\/\">Walencja<\/a><\/h3>\r\n\t\t\t<\/div>\r\n\t\t\t\t<div class=\"theimran-post-layout-one__blog-meta\">\r\n\t\t\t<ul>\r\n\t\t\t\t\t\t\t<\/ul>\r\n\t\t<\/div>\r\n\t\t\t\t<div class=\"theimran-post-layout-one__read-more\">\r\n\t\t\t<a href=\"https:\/\/bezglutenowamichalina.pl\/index.php\/2025\/04\/09\/rzym\/\">Zobacz wi\u0119cej<\/a>\r\n\t\t<\/div>\r\n\t\t<\/div><\/div><\/div><\/div>\t\t\t\t<\/div>\n\t\t\t\t<\/div>\n\t\t\t\t\t<\/div>\n\t\t\t\t<\/div>\n\t\t\t\t<\/div>\n\t\t","protected":false},"excerpt":{"rendered":"<p>Odkrywaj \u015bwiat moimi oczami Zainspiruj si\u0119 prawdziwymi przygodami, odkrywaj nieznane zak\u0105tki \u015bwiata i przekonaj si\u0119, \u017ce podr\u00f3\u017ce s\u0105 bli\u017cej, ni\u017c my\u015blisz \u2013 kliknij i ruszaj ze mn\u0105 w drog\u0119! Podr\u00f3\u017ce Rzym Zobacz wi\u0119cej<\/p>\n","protected":false},"author":1,"featured_media":0,"parent":0,"menu_order":0,"comment_status":"closed","ping_status":"closed","template":"elementor_header_footer","meta":{"footnotes":""},"class_list":["post-365","page","type-page","status-publish","hentry"],"rttpg_featured_image_url":null,"rttpg_author":{"display_name":"admin","author_link":"https:\/\/bezglutenowamichalina.pl\/index.php\/author\/admin\/"},"rttpg_comment":0,"rttpg_category":"","rttpg_excerpt":"Odkrywaj \u015bwiat moimi oczami Zainspiruj si\u0119 prawdziwymi przygodami, odkrywaj nieznane zak\u0105tki \u015bwiata i przekonaj si\u0119, \u017ce podr\u00f3\u017ce s\u0105 bli\u017cej, ni\u017c my\u015blisz \u2013 kliknij i ruszaj ze mn\u0105 w drog\u0119! Podr\u00f3\u017ce Rzym Zobacz wi\u0119cej","_links":{"self":[{"href":"https:\/\/bezglutenowamichalina.pl\/index.php\/wp-json\/wp\/v2\/pages\/365","targetHints":{"allow":["GET"]}}],"collection":[{"href":"https:\/\/bezglutenowamichalina.pl\/index.php\/wp-json\/wp\/v2\/pages"}],"about":[{"href":"https:\/\/bezglutenowamichalina.pl\/index.php\/wp-json\/wp\/v2\/types\/page"}],"author":[{"embeddable":true,"href":"https:\/\/bezglutenowamichalina.pl\/index.php\/wp-json\/wp\/v2\/users\/1"}],"replies":[{"embeddable":true,"href":"https:\/\/bezglutenowamichalina.pl\/index.php\/wp-json\/wp\/v2\/comments?post=365"}],"version-history":[{"count":19,"href":"https:\/\/bezglutenowamichalina.pl\/index.php\/wp-json\/wp\/v2\/pages\/365\/revisions"}],"predecessor-version":[{"id":610,"href":"https:\/\/bezglutenowamichalina.pl\/index.php\/wp-json\/wp\/v2\/pages\/365\/revisions\/610"}],"wp:attachment":[{"href":"https:\/\/bezglutenowamichalina.pl\/index.php\/wp-json\/wp\/v2\/media?parent=365"}],"curies":[{"name":"wp","href":"https:\/\/api.w.org\/{rel}","templated":true}]}}