{"id":244,"date":"2025-04-10T10:33:16","date_gmt":"2025-04-10T10:33:16","guid":{"rendered":"https:\/\/michalina.lightbulb.pl\/?page_id=244"},"modified":"2025-05-23T14:10:06","modified_gmt":"2025-05-23T14:10:06","slug":"przepisy","status":"publish","type":"page","link":"https:\/\/bezglutenowamichalina.pl\/index.php\/przepisy\/","title":{"rendered":"Przepisy"},"content":{"rendered":"\t\t<div data-elementor-type=\"wp-page\" data-elementor-id=\"244\" class=\"elementor elementor-244\" data-elementor-settings=\"{&quot;ha_cmc_init_switcher&quot;:&quot;no&quot;}\">\n\t\t\t\t<div class=\"elementor-element elementor-element-c19485d e-con-full elementor-hidden-mobile e-flex e-con e-parent\" data-id=\"c19485d\" data-element_type=\"container\" data-settings=\"{&quot;background_background&quot;:&quot;classic&quot;,&quot;_ha_eqh_enable&quot;:false}\">\n\t\t\t\t<\/div>\n\t\t<div class=\"elementor-element elementor-element-3b1d882 e-con-full elementor-hidden-desktop elementor-hidden-tablet e-flex e-con e-parent\" data-id=\"3b1d882\" data-element_type=\"container\" data-settings=\"{&quot;_ha_eqh_enable&quot;:false}\">\n\t\t\t\t<\/div>\n\t\t<div class=\"elementor-element elementor-element-3b8da56 e-flex e-con-boxed e-con e-parent\" data-id=\"3b8da56\" data-element_type=\"container\" data-settings=\"{&quot;background_background&quot;:&quot;classic&quot;,&quot;_ha_eqh_enable&quot;:false}\">\n\t\t\t\t\t<div class=\"e-con-inner\">\n\t\t\t\t<div class=\"elementor-element elementor-element-0d9ed1b jltma-glass-effect-no elementor-widget elementor-widget-heading\" data-id=\"0d9ed1b\" data-element_type=\"widget\" data-widget_type=\"heading.default\">\n\t\t\t\t<div class=\"elementor-widget-container\">\n\t\t\t\t\t<h2 class=\"elementor-heading-title elementor-size-default\">Bezglutenowe Przepisy<\/h2>\t\t\t\t<\/div>\n\t\t\t\t<\/div>\n\t\t\t\t<div class=\"elementor-element elementor-element-9491c61 elementor-widget-divider--view-line jltma-glass-effect-no elementor-widget elementor-widget-divider\" data-id=\"9491c61\" data-element_type=\"widget\" data-widget_type=\"divider.default\">\n\t\t\t\t<div class=\"elementor-widget-container\">\n\t\t\t\t\t\t\t<div class=\"elementor-divider\">\n\t\t\t<span class=\"elementor-divider-separator\">\n\t\t\t\t\t\t<\/span>\n\t\t<\/div>\n\t\t\t\t\t\t<\/div>\n\t\t\t\t<\/div>\n\t\t\t\t<div class=\"elementor-element elementor-element-dfec4e1 elementor-widget__width-initial jltma-glass-effect-no elementor-widget elementor-widget-text-editor\" data-id=\"dfec4e1\" data-element_type=\"widget\" data-widget_type=\"text-editor.default\">\n\t\t\t\t<div class=\"elementor-widget-container\">\n\t\t\t\t\t\t\t\t\t<p>Bezglutenowe nie znaczy nudne \u2013 odkryj przepisy pe\u0142ne smaku, zdrowia i inspiracji, kt\u00f3re pokochasz od pierwszego k\u0119sa! Kliknij i zasmakuj w nowym stylu gotowania!<\/p>\t\t\t\t\t\t\t\t<\/div>\n\t\t\t\t<\/div>\n\t\t\t\t<div class=\"elementor-element elementor-element-9fee98f jltma-glass-effect-no elementor-widget elementor-widget-post_layouts\" data-id=\"9fee98f\" data-element_type=\"widget\" data-widget_type=\"post_layouts.default\">\n\t\t\t\t<div class=\"elementor-widget-container\">\n\t\t\t\t\t<div class=\"row masonaryactive \"><div class=\"blog-grid-layout col-md-6 col-lg-4\"><div class=\"theimran-post-layout-one\"><div class=\"theimran-post-layout-one__thumbnail\">\t\t\t<a href=\"https:\/\/bezglutenowamichalina.pl\/index.php\/2025\/04\/09\/makaron-penne-z-tunczykiem-i-szpinakiem\/\"><img fetchpriority=\"high\" decoding=\"async\" width=\"768\" height=\"1024\" src=\"https:\/\/bezglutenowamichalina.pl\/wp-content\/uploads\/2025\/05\/Unknown-5-768x1024.jpg\" class=\"attachment-medium_large size-medium_large wp-post-image\" alt=\"\" srcset=\"https:\/\/bezglutenowamichalina.pl\/wp-content\/uploads\/2025\/05\/Unknown-5-768x1024.jpg 768w, https:\/\/bezglutenowamichalina.pl\/wp-content\/uploads\/2025\/05\/Unknown-5-225x300.jpg 225w, https:\/\/bezglutenowamichalina.pl\/wp-content\/uploads\/2025\/05\/Unknown-5-1152x1536.jpg 1152w, https:\/\/bezglutenowamichalina.pl\/wp-content\/uploads\/2025\/05\/Unknown-5-1536x2048.jpg 1536w, https:\/\/bezglutenowamichalina.pl\/wp-content\/uploads\/2025\/05\/Unknown-5-600x800.jpg 600w, https:\/\/bezglutenowamichalina.pl\/wp-content\/uploads\/2025\/05\/Unknown-5-487x649.jpg 487w, https:\/\/bezglutenowamichalina.pl\/wp-content\/uploads\/2025\/05\/Unknown-5-1320x1760.jpg 1320w, https:\/\/bezglutenowamichalina.pl\/wp-content\/uploads\/2025\/05\/Unknown-5-scaled.jpg 1920w\" sizes=\"(max-width: 768px) 100vw, 768px\" \/><\/a>\r\n\t\t\t\t\t\t<div class=\"theimran-post-layout-one__categories\">\r\n\t\t\t\t<span class=\"cat-links\"><a href=\"https:\/\/bezglutenowamichalina.pl\/index.php\/category\/przepisy\/\" rel=\"category tag\">Przepisy<\/a><\/span>\t\t\t<\/div>\r\n\t\t\t<\/div><div class=\"theimran-post-layout-one__content-wrapper\">\t\t\t<div class=\"theimran-post-layout-one__title\">\r\n\t\t\t\t<h3><a href=\"https:\/\/bezglutenowamichalina.pl\/index.php\/2025\/04\/09\/makaron-penne-z-tunczykiem-i-szpinakiem\/\">Pieczony halibut z ziemniaczkami<\/a><\/h3>\r\n\t\t\t<\/div>\r\n\t\t\t\t<div class=\"theimran-post-layout-one__blog-meta\">\r\n\t\t\t<ul>\r\n\t\t\t\t\t\t\t<\/ul>\r\n\t\t<\/div>\r\n\t\t\t\t<div class=\"theimran-post-layout-one__read-more\">\r\n\t\t\t<a href=\"https:\/\/bezglutenowamichalina.pl\/index.php\/2025\/04\/09\/makaron-penne-z-tunczykiem-i-szpinakiem\/\">Zobacz przepis<\/a>\r\n\t\t<\/div>\r\n\t\t<\/div><\/div><\/div><div class=\"blog-grid-layout col-md-6 col-lg-4\"><div class=\"theimran-post-layout-one\"><div class=\"theimran-post-layout-one__thumbnail\">\t\t\t<a href=\"https:\/\/bezglutenowamichalina.pl\/index.php\/2025\/04\/09\/kurczak-curry\/\"><img decoding=\"async\" width=\"768\" height=\"1024\" src=\"https:\/\/bezglutenowamichalina.pl\/wp-content\/uploads\/2025\/04\/Unknown-4-1-768x1024.jpg\" class=\"attachment-medium_large size-medium_large wp-post-image\" alt=\"\" srcset=\"https:\/\/bezglutenowamichalina.pl\/wp-content\/uploads\/2025\/04\/Unknown-4-1-768x1024.jpg 768w, https:\/\/bezglutenowamichalina.pl\/wp-content\/uploads\/2025\/04\/Unknown-4-1-225x300.jpg 225w, https:\/\/bezglutenowamichalina.pl\/wp-content\/uploads\/2025\/04\/Unknown-4-1-1152x1536.jpg 1152w, https:\/\/bezglutenowamichalina.pl\/wp-content\/uploads\/2025\/04\/Unknown-4-1-1536x2048.jpg 1536w, https:\/\/bezglutenowamichalina.pl\/wp-content\/uploads\/2025\/04\/Unknown-4-1-600x800.jpg 600w, https:\/\/bezglutenowamichalina.pl\/wp-content\/uploads\/2025\/04\/Unknown-4-1-487x649.jpg 487w, https:\/\/bezglutenowamichalina.pl\/wp-content\/uploads\/2025\/04\/Unknown-4-1-1320x1760.jpg 1320w, https:\/\/bezglutenowamichalina.pl\/wp-content\/uploads\/2025\/04\/Unknown-4-1-scaled.jpg 1920w\" sizes=\"(max-width: 768px) 100vw, 768px\" \/><\/a>\r\n\t\t\t\t\t\t<div class=\"theimran-post-layout-one__categories\">\r\n\t\t\t\t<span class=\"cat-links\"><a href=\"https:\/\/bezglutenowamichalina.pl\/index.php\/category\/przepisy\/\" rel=\"category tag\">Przepisy<\/a><\/span>\t\t\t<\/div>\r\n\t\t\t<\/div><div class=\"theimran-post-layout-one__content-wrapper\">\t\t\t<div class=\"theimran-post-layout-one__title\">\r\n\t\t\t\t<h3><a href=\"https:\/\/bezglutenowamichalina.pl\/index.php\/2025\/04\/09\/kurczak-curry\/\">Pieczona pier\u015b z kaczki z kopytkami szpinakowymi<\/a><\/h3>\r\n\t\t\t<\/div>\r\n\t\t\t\t<div class=\"theimran-post-layout-one__blog-meta\">\r\n\t\t\t<ul>\r\n\t\t\t\t\t\t\t<\/ul>\r\n\t\t<\/div>\r\n\t\t\t\t<div class=\"theimran-post-layout-one__read-more\">\r\n\t\t\t<a href=\"https:\/\/bezglutenowamichalina.pl\/index.php\/2025\/04\/09\/kurczak-curry\/\">Zobacz przepis<\/a>\r\n\t\t<\/div>\r\n\t\t<\/div><\/div><\/div><div class=\"blog-grid-layout col-md-6 col-lg-4\"><div class=\"theimran-post-layout-one\"><div class=\"theimran-post-layout-one__thumbnail\">\t\t\t<a href=\"https:\/\/bezglutenowamichalina.pl\/index.php\/2025\/04\/09\/bezglutenowe-pancakes-z-pistacjami\/\"><img decoding=\"async\" width=\"768\" height=\"1024\" src=\"https:\/\/bezglutenowamichalina.pl\/wp-content\/uploads\/2025\/04\/Unknown-5-2.jpg\" class=\"attachment-medium_large size-medium_large wp-post-image\" alt=\"\" srcset=\"https:\/\/bezglutenowamichalina.pl\/wp-content\/uploads\/2025\/04\/Unknown-5-2.jpg 768w, https:\/\/bezglutenowamichalina.pl\/wp-content\/uploads\/2025\/04\/Unknown-5-2-225x300.jpg 225w, https:\/\/bezglutenowamichalina.pl\/wp-content\/uploads\/2025\/04\/Unknown-5-2-600x800.jpg 600w, https:\/\/bezglutenowamichalina.pl\/wp-content\/uploads\/2025\/04\/Unknown-5-2-487x649.jpg 487w\" sizes=\"(max-width: 768px) 100vw, 768px\" \/><\/a>\r\n\t\t\t\t\t\t<div class=\"theimran-post-layout-one__categories\">\r\n\t\t\t\t<span class=\"cat-links\"><a href=\"https:\/\/bezglutenowamichalina.pl\/index.php\/category\/przepisy\/\" rel=\"category tag\">Przepisy<\/a><\/span>\t\t\t<\/div>\r\n\t\t\t<\/div><div class=\"theimran-post-layout-one__content-wrapper\">\t\t\t<div class=\"theimran-post-layout-one__title\">\r\n\t\t\t\t<h3><a href=\"https:\/\/bezglutenowamichalina.pl\/index.php\/2025\/04\/09\/bezglutenowe-pancakes-z-pistacjami\/\">Bezglutenowe placuszki twarogowe<\/a><\/h3>\r\n\t\t\t<\/div>\r\n\t\t\t\t<div class=\"theimran-post-layout-one__blog-meta\">\r\n\t\t\t<ul>\r\n\t\t\t\t\t\t\t<\/ul>\r\n\t\t<\/div>\r\n\t\t\t\t<div class=\"theimran-post-layout-one__read-more\">\r\n\t\t\t<a href=\"https:\/\/bezglutenowamichalina.pl\/index.php\/2025\/04\/09\/bezglutenowe-pancakes-z-pistacjami\/\">Zobacz przepis<\/a>\r\n\t\t<\/div>\r\n\t\t<\/div><\/div><\/div><\/div>\t\t\t\t<\/div>\n\t\t\t\t<\/div>\n\t\t\t\t<div class=\"elementor-element elementor-element-2aed318 elementor-absolute e-transform jltma-glass-effect-no elementor-widget elementor-widget-image\" data-id=\"2aed318\" data-element_type=\"widget\" data-settings=\"{&quot;_position&quot;:&quot;absolute&quot;,&quot;_transform_rotateZ_effect&quot;:{&quot;unit&quot;:&quot;px&quot;,&quot;size&quot;:-22,&quot;sizes&quot;:[]},&quot;_transform_rotateZ_effect_tablet&quot;:{&quot;unit&quot;:&quot;deg&quot;,&quot;size&quot;:&quot;&quot;,&quot;sizes&quot;:[]},&quot;_transform_rotateZ_effect_mobile&quot;:{&quot;unit&quot;:&quot;deg&quot;,&quot;size&quot;:&quot;&quot;,&quot;sizes&quot;:[]}}\" data-widget_type=\"image.default\">\n\t\t\t\t<div class=\"elementor-widget-container\">\n\t\t\t\t\t\t\t\t\t\t\t\t\t\t\t<img loading=\"lazy\" decoding=\"async\" width=\"512\" height=\"512\" src=\"https:\/\/bezglutenowamichalina.pl\/wp-content\/uploads\/2025\/05\/chef_18758524.png\" class=\"attachment-large size-large wp-image-531\" alt=\"\" srcset=\"https:\/\/bezglutenowamichalina.pl\/wp-content\/uploads\/2025\/05\/chef_18758524.png 512w, https:\/\/bezglutenowamichalina.pl\/wp-content\/uploads\/2025\/05\/chef_18758524-300x300.png 300w, https:\/\/bezglutenowamichalina.pl\/wp-content\/uploads\/2025\/05\/chef_18758524-150x150.png 150w\" sizes=\"(max-width: 512px) 100vw, 512px\" \/>\t\t\t\t\t\t\t\t\t\t\t\t\t\t\t<\/div>\n\t\t\t\t<\/div>\n\t\t\t\t<div class=\"elementor-element elementor-element-e50fa9c elementor-absolute e-transform jltma-glass-effect-no elementor-widget elementor-widget-image\" data-id=\"e50fa9c\" data-element_type=\"widget\" data-settings=\"{&quot;_position&quot;:&quot;absolute&quot;,&quot;_transform_rotateZ_effect&quot;:{&quot;unit&quot;:&quot;px&quot;,&quot;size&quot;:-22,&quot;sizes&quot;:[]},&quot;_transform_rotateZ_effect_tablet&quot;:{&quot;unit&quot;:&quot;deg&quot;,&quot;size&quot;:&quot;&quot;,&quot;sizes&quot;:[]},&quot;_transform_rotateZ_effect_mobile&quot;:{&quot;unit&quot;:&quot;deg&quot;,&quot;size&quot;:&quot;&quot;,&quot;sizes&quot;:[]}}\" data-widget_type=\"image.default\">\n\t\t\t\t<div class=\"elementor-widget-container\">\n\t\t\t\t\t\t\t\t\t\t\t\t\t\t\t<img loading=\"lazy\" decoding=\"async\" width=\"512\" height=\"512\" src=\"https:\/\/bezglutenowamichalina.pl\/wp-content\/uploads\/2025\/05\/chef_18758524.png\" class=\"attachment-large size-large wp-image-531\" alt=\"\" srcset=\"https:\/\/bezglutenowamichalina.pl\/wp-content\/uploads\/2025\/05\/chef_18758524.png 512w, https:\/\/bezglutenowamichalina.pl\/wp-content\/uploads\/2025\/05\/chef_18758524-300x300.png 300w, https:\/\/bezglutenowamichalina.pl\/wp-content\/uploads\/2025\/05\/chef_18758524-150x150.png 150w\" sizes=\"(max-width: 512px) 100vw, 512px\" \/>\t\t\t\t\t\t\t\t\t\t\t\t\t\t\t<\/div>\n\t\t\t\t<\/div>\n\t\t\t\t<div class=\"elementor-element elementor-element-891ac84 elementor-absolute e-transform jltma-glass-effect-no elementor-widget elementor-widget-image\" data-id=\"891ac84\" data-element_type=\"widget\" data-settings=\"{&quot;_position&quot;:&quot;absolute&quot;,&quot;_transform_rotateZ_effect&quot;:{&quot;unit&quot;:&quot;px&quot;,&quot;size&quot;:68,&quot;sizes&quot;:[]},&quot;_transform_rotateZ_effect_tablet&quot;:{&quot;unit&quot;:&quot;deg&quot;,&quot;size&quot;:&quot;&quot;,&quot;sizes&quot;:[]},&quot;_transform_rotateZ_effect_mobile&quot;:{&quot;unit&quot;:&quot;deg&quot;,&quot;size&quot;:&quot;&quot;,&quot;sizes&quot;:[]}}\" data-widget_type=\"image.default\">\n\t\t\t\t<div class=\"elementor-widget-container\">\n\t\t\t\t\t\t\t\t\t\t\t\t\t\t\t<img loading=\"lazy\" decoding=\"async\" width=\"512\" height=\"512\" src=\"https:\/\/bezglutenowamichalina.pl\/wp-content\/uploads\/2025\/05\/cutlery_6540366.png\" class=\"attachment-large size-large wp-image-532\" alt=\"\" srcset=\"https:\/\/bezglutenowamichalina.pl\/wp-content\/uploads\/2025\/05\/cutlery_6540366.png 512w, https:\/\/bezglutenowamichalina.pl\/wp-content\/uploads\/2025\/05\/cutlery_6540366-300x300.png 300w, https:\/\/bezglutenowamichalina.pl\/wp-content\/uploads\/2025\/05\/cutlery_6540366-150x150.png 150w\" sizes=\"(max-width: 512px) 100vw, 512px\" \/>\t\t\t\t\t\t\t\t\t\t\t\t\t\t\t<\/div>\n\t\t\t\t<\/div>\n\t\t\t\t\t<\/div>\n\t\t\t\t<\/div>\n\t\t\t\t<\/div>\n\t\t","protected":false},"excerpt":{"rendered":"<p>Bezglutenowe Przepisy Bezglutenowe nie znaczy nudne \u2013 odkryj przepisy pe\u0142ne smaku, zdrowia i inspiracji, kt\u00f3re pokochasz od pierwszego k\u0119sa! Kliknij i zasmakuj w nowym stylu gotowania! Przepisy Makaron penne z tu\u0144czykiem i szpinakiem Zobacz przepis Przepisy Kurczak Curry Zobacz przepis Przepisy Bezglutenowe pancakes z pistacjami Zobacz przepis<\/p>\n","protected":false},"author":1,"featured_media":0,"parent":0,"menu_order":0,"comment_status":"closed","ping_status":"closed","template":"elementor_header_footer","meta":{"footnotes":""},"class_list":["post-244","page","type-page","status-publish","hentry"],"rttpg_featured_image_url":null,"rttpg_author":{"display_name":"admin","author_link":"https:\/\/bezglutenowamichalina.pl\/index.php\/author\/admin\/"},"rttpg_comment":0,"rttpg_category":"","rttpg_excerpt":"Bezglutenowe Przepisy Bezglutenowe nie znaczy nudne \u2013 odkryj przepisy pe\u0142ne smaku, zdrowia i inspiracji, kt\u00f3re pokochasz od pierwszego k\u0119sa! Kliknij i zasmakuj w nowym stylu gotowania! Przepisy Makaron penne z tu\u0144czykiem i szpinakiem Zobacz przepis Przepisy Kurczak Curry Zobacz przepis Przepisy Bezglutenowe pancakes z pistacjami Zobacz przepis","_links":{"self":[{"href":"https:\/\/bezglutenowamichalina.pl\/index.php\/wp-json\/wp\/v2\/pages\/244","targetHints":{"allow":["GET"]}}],"collection":[{"href":"https:\/\/bezglutenowamichalina.pl\/index.php\/wp-json\/wp\/v2\/pages"}],"about":[{"href":"https:\/\/bezglutenowamichalina.pl\/index.php\/wp-json\/wp\/v2\/types\/page"}],"author":[{"embeddable":true,"href":"https:\/\/bezglutenowamichalina.pl\/index.php\/wp-json\/wp\/v2\/users\/1"}],"replies":[{"embeddable":true,"href":"https:\/\/bezglutenowamichalina.pl\/index.php\/wp-json\/wp\/v2\/comments?post=244"}],"version-history":[{"count":19,"href":"https:\/\/bezglutenowamichalina.pl\/index.php\/wp-json\/wp\/v2\/pages\/244\/revisions"}],"predecessor-version":[{"id":601,"href":"https:\/\/bezglutenowamichalina.pl\/index.php\/wp-json\/wp\/v2\/pages\/244\/revisions\/601"}],"wp:attachment":[{"href":"https:\/\/bezglutenowamichalina.pl\/index.php\/wp-json\/wp\/v2\/media?parent=244"}],"curies":[{"name":"wp","href":"https:\/\/api.w.org\/{rel}","templated":true}]}}